{"id":1859,"date":"2024-02-19T10:41:20","date_gmt":"2024-02-19T10:41:20","guid":{"rendered":"https:\/\/fiammettamichelacci.com\/informativa-sulla-privacy\/"},"modified":"2024-02-23T07:53:01","modified_gmt":"2024-02-23T07:53:01","slug":"informativa-sulla-privacy","status":"publish","type":"page","link":"https:\/\/fiammettamichelacci.com\/it\/informativa-sulla-privacy\/","title":{"rendered":"Informativa sulla privacy"},"content":{"rendered":"\t\t<div data-elementor-type=\"wp-page\" data-elementor-id=\"1859\" class=\"elementor elementor-1859 elementor-1345\">\n\t\t\t\t\t\t\t<div class=\"elementor-element elementor-element-781b564 e-con-full e-flex magic-button-disabled-no e-con\" data-id=\"781b564\" data-element_type=\"container\" data-settings=\"{&quot;content_width&quot;:&quot;full&quot;,&quot;jet_parallax_layout_list&quot;:[]}\">\n\t\t\t\t<div data-dce-advanced-background-image-url=\"https:\/\/fiammettamichelacci.com\/wp-content\/uploads\/exploring-florence\/exploring-florence-3.jpg\" class=\"elementor-element elementor-element-e963bd9 elementor-invisible elementor-has-bg-overlay elementor-widget elementor-widget-global elementor-global-416 elementor-widget-heading\" data-id=\"e963bd9\" data-element_type=\"widget\" data-settings=\"{&quot;_animation&quot;:&quot;fadeInDown&quot;}\" data-widget_type=\"heading.default\">\n\t\t\t\t<div class=\"elementor-widget-container\">\n\t\t\t<h1 class=\"elementor-heading-title elementor-size-default\">Informativa sulla privacy<\/h1>\t\t<\/div>\n\t\t\t\t<\/div>\n\t\t\t\t<\/div>\n\t\t<div class=\"elementor-element elementor-element-a148541 e-con-boxed e-flex magic-button-disabled-no e-con\" data-id=\"a148541\" data-element_type=\"container\" data-settings=\"{&quot;jet_parallax_layout_list&quot;:[],&quot;content_width&quot;:&quot;boxed&quot;}\">\n\t\t\t\t\t<div class=\"e-con-inner\">\n\t\t\t\t<div class=\"elementor-element elementor-element-2f4b02b elementor-widget elementor-widget-text-editor\" data-id=\"2f4b02b\" data-element_type=\"widget\" data-widget_type=\"text-editor.default\">\n\t\t\t\t<div class=\"elementor-widget-container\">\n\t\t\t\t\t\t\t<span style=\"font-weight: 400;\">Informativa sulla privacy<\/span>\r\n\r\n<span style=\"font-weight: 400;\"><strong>FIAMMETTA MICHELACCI<\/strong> (di seguito indicata come \u2018Il Titolare\u2019) intende utilizzare e elaborare i dati raccolti in conformit\u00e0 alle leggi e ai regolamenti del paese in cui operano.<\/span>\r\n\r\n<strong>Definizioni<\/strong>\r\n\r\n<span style=\"font-weight: 400;\">Ai sensi dell&#8217;articolo 4 del Regolamento dell&#8217;UE 2016\/679, sono definite le seguenti terminologie:<\/span>\r\n\r\n<span style=\"font-weight: 400;\">\u201cTitolare\u201d: la persona fisica, giuridica, l&#8217;amministrazione pubblica o qualsiasi altra entit\u00e0, associazione o organizzazione che, insieme ad altri titolari, si occupa degli obiettivi aziendali, dell&#8217;elaborazione dei dati personali e di altri strumenti di utilizzo, inclusi il profilo di sicurezza;<\/span>\r\n\r\n<span style=\"font-weight: 400;\">\u201cResponsabile\u201d: la persona fisica, giuridica, l&#8217;amministrazione pubblica o qualsiasi altra entit\u00e0, associazione o organizzazione che si occupa dell&#8217;elaborazione dei dati personali per conto del titolare;<\/span>\r\n\r\n<span style=\"font-weight: 400;\">\u201cRappresentanti\u201d: le persone fisiche autorizzate a svolgere operazioni di trattamento dati dal titolare o dal responsabile;<\/span>\r\n\r\n<span style=\"font-weight: 400;\">\u201cInteressati\u201d: le persone fisiche rappresentate dai dati personali.<\/span>\r\n\r\n<span style=\"font-weight: 400;\">\u201cDati personali\u201d: qualsiasi informazione riguardante una persona fisica identificabile sia fisicamente che online, facendo particolare riferimento a un fattore identificativo come: il loro nome, numero di identificazione, posizione, identificazione online o una o pi\u00f9 caratteristiche che si riferiscono alla loro identit\u00e0 fisica, fisiologica, genetica, psicologica, economica, culturale o sociale.<\/span>\r\n\r\n<span style=\"font-weight: 400;\">Titolare<\/span>\r\n\r\n<span style=\"font-weight: 400;\">Il titolare del trattamento dei dati personali \u00e8:\r\nFIAMMETTA MICHELACCI<\/span>\r\n\r\n<span style=\"font-weight: 400;\">Via Pompeo Neri, 11, 50134, Firenze\r\n<\/span><span style=\"font-weight: 400;\">Email: fiammettamichelacci@gmail.com\r\n<\/span><span style=\"font-weight: 400;\">P.I. 05776410481 C.F. MCHFMT78S69C665X<\/span>\r\n\r\n<span style=\"font-weight: 400;\">Scopo del trattamento dei dati e categorie di dati trattati<\/span>\r\n\r\n<span style=\"font-weight: 400;\">Il trattamento dei dati viene effettuato per i seguenti scopi:<\/span>\r\n\r\n<span style=\"font-weight: 400;\">Scopi contrattuali: per adempiere al contratto; attuazione degli obblighi legali relativi alle relazioni commerciali; attuazione degli obblighi fiscali o contabili; gestione della clientela; pagamento del servizio reso; redazione, stampa, imballaggio e invio di fatture; nonch\u00e9 specifiche richieste degli interessati;<\/span>\r\n\r\n<span style=\"font-weight: 400;\">Scopi comunicativi: per inviare avvisi e comunicare con gli interessati, tramite sistemi tradizionali di comunicazione automatica delle informazioni, in particolare: email, SMS e altri sistemi di messaggistica;<\/span>\r\n\r\n<span style=\"font-weight: 400;\">Procedura e strumenti di trattamento dei dati<\/span>\r\n\r\n<span style=\"font-weight: 400;\">Il trattamento dei dati personali degli interessati avviene in modo automatico mediante mezzi informatici ed elettronici, con organizzazione logica e trattamento dei dati correlato in conformit\u00e0 agli scopi sopra menzionati e in modo da garantire la sicurezza e la riservatezza di tutti i dati e le comunicazioni. I dati possono, inoltre, essere trattati utilizzando metodi cartacei.<\/span>\r\n\r\n<span style=\"font-weight: 400;\">Natura obbligatoria e facoltativa del contributo dei dati<\/span>\r\n\r\n<span style=\"font-weight: 400;\">In relazione agli scopi descritti nella Clausola A della Sezione 3, il contributo dei dati \u00e8 necessario per contratto al fine di adempiere al suddetto contratto. L&#8217;interessato ha la facolt\u00e0 di non fornire i dati personali; tuttavia, nel caso in cui tali dati non vengano comunicati, non sar\u00e0 possibile adempiere a un contratto.<\/span>\r\n\r\n<span style=\"font-weight: 400;\">In relazione al trattamento dei dati personali descritto nella Clausola B della Sezione 3, il consenso dell&#8217;interessato \u00e8 obbligatorio; tuttavia, in caso di mancata prestazione del consenso, non sar\u00e0 possibile fornire un servizio personalizzato.<\/span>\r\n\r\n<span style=\"font-weight: 400;\">Diritti degli interessati<\/span>\r\n\r\n<span style=\"font-weight: 400;\">Ai sensi dell&#8217;articolo 7, D. del Regolamento dell&#8217;UE 2016\/679, l&#8217;interessato ha il diritto di ottenere conferma dell&#8217;esistenza di dati personali che lo riguardano, anche se non ancora registrati, e che devono essere comunicati in modo intelligibile.<\/span>\r\n\r\n<span style=\"font-weight: 400;\">L&#8217;interessato ha quindi il diritto di ottenere conferma delle informazioni relative a:<\/span>\r\n\r\n<span style=\"font-weight: 400;\">Origine dei dati raccolti;<\/span>\r\n\r\n<span style=\"font-weight: 400;\">Scopo del trattamento dei dati;<\/span>\r\n\r\n<span style=\"font-weight: 400;\">Logica del trattamento dei dati;<\/span>\r\n\r\n<span style=\"font-weight: 400;\">Mezzi di identificazione del titolare e del responsabile;<\/span>\r\n\r\n<span style=\"font-weight: 400;\">Le persone a cui vengono comunicati i suoi dati personali.<\/span>\r\n\r\n<span style=\"font-weight: 400;\">L&#8217;interessato ha inoltre il diritto di ottenere:<\/span>\r\n\r\n<span style=\"font-weight: 400;\">Aggiornamenti, correzioni o integrazioni dei suoi dati raccolti;<\/span>\r\n\r\n<span style=\"font-weight: 400;\">Cancellazione, modifica anonima o accesso limitato ai dati raccolti in violazione di legge, compresi quelli in cui la conservazione dei dati non \u00e8 necessaria rispetto allo scopo per cui i dati sono stati raccolti o trattati;<\/span>\r\n\r\n<span style=\"font-weight: 400;\">Certificazione del modo in cui le precedenti affermazioni sono state attuate e comunicate a coloro con cui tali dati sono stati condivisi o distribuiti, salvo nei casi in cui l&#8217;attuazione sia impossibile o comporti l&#8217;impiego di altri mezzi che sono palesemente sproporzionati rispetto ai diritti protetti dell&#8217;interessato.<\/span>\r\n\r\n<span style=\"font-weight: 400;\">L&#8217;interessato ha inoltre il diritto di opporsi, in tutto o in parte:<\/span>\r\n\r\n<span style=\"font-weight: 400;\">Per motivi legittimi relativi al trattamento dei suoi dati personali, anche se pertinenti allo scopo della raccolta dei dati;<\/span>\r\n\r\n<span style=\"font-weight: 400;\">Al trattamento dei suoi dati personali a fini di materiale pubblicitario.<\/span>\r\n\r\n<span style=\"font-weight: 400;\">Tali istanze di cui all&#8217;articolo 7 del Regolamento dell&#8217;UE 2016\/679 devono essere indirizzate direttamente al titolare, all&#8217;indirizzo: fiammettamichelacci@gmail.com. In alternativa, \u00e8 possibile che gli interessati esercitino i loro diritti inviando le informazioni pertinenti tramite un A\/R raccomandato, il cui indirizzo \u00e8 indicato nelle condizioni.<\/span>\r\n\r\n<span style=\"font-weight: 400;\">Quadro di comunicazione<\/span>\r\n\r\n<span style=\"font-weight: 400;\">I dati personali possono essere comunicati oltre frontiera all&#8217;interno dell&#8217;Unione Europea.<\/span>\r\n\r\n<span style=\"font-weight: 400;\">Contatto<\/span>\r\n\r\n<span style=\"font-weight: 400;\">Le informazioni presenti possono essere modificate nel tempo.<\/span>\r\n\r\n<span style=\"font-weight: 400;\">I dati saranno trattati per il tempo necessario per adempiere completamente al rapporto commerciale e per i dieci anni successivi dalla data di acquisizione.<\/span>\r\n\r\n<span style=\"font-weight: 400;\">Per ulteriori informazioni, ti consigliamo di contattare il seguente indirizzo: fiammettamichelacci@gmail.com.<\/span>\r\n\r\n<span style=\"font-weight: 400;\">INFORMAZIONI PERSONALI DELL&#8217;INTERESSATO AI DATI<\/span>\r\n\r\n<span style=\"font-weight: 400;\">Nome: ________________________________________________________<\/span>\r\n\r\n<span style=\"font-weight: 400;\">Cognome: ________________________________________________________<\/span>\r\n\r\n<span style=\"font-weight: 400;\">Indirizzo email: ____________________________________________________<\/span>\r\n\r\n<span style=\"font-weight: 400;\">Numero di telefono: ______________<\/span>\r\n\r\n<span style=\"font-weight: 400;\">Indirizzo di casa: ________________________________________________<\/span>\r\n\r\n<span style=\"font-weight: 400;\">Numero di previdenza sociale: ______________________________________<\/span>\r\n\r\n<span style=\"font-weight: 400;\">_____________________________, in data ___________________________<\/span>\r\n\r\n<span style=\"font-weight: 400;\">L&#8217;interessato conferma il consenso al trattamento dei propri dati personali in relazione agli scopi descritti nella Sezione 3, Clausola A delle informazioni sul trattamento dei dati personali \u2013 a fini contrattuali:<\/span>\r\n\r\n<span style=\"font-weight: 400;\">S\u00ec No<\/span>\r\n\r\n<span style=\"font-weight: 400;\">L&#8217;interessato conferma il consenso al trattamento dei propri dati personali in relazione agli scopi descritti nella Sezione 3, Clausola B delle informazioni sul trattamento dei dati personali \u2013 a fini comunicativi:<\/span>\r\n\r\n<span style=\"font-weight: 400;\">S\u00ec\u00a0 No<\/span>\r\n\r\n<span style=\"font-weight: 400;\">Firmato<\/span>\t\t\t\t\t\t<\/div>\n\t\t\t\t<\/div>\n\t\t\t\t\t<\/div>\n\t\t\t\t<\/div>\n\t\t\t\t\t\t\t<\/div>\n\t\t","protected":false},"excerpt":{"rendered":"<p>Informativa sulla privacy FIAMMETTA MICHELACCI (di seguito indicata come \u2018Il Titolare\u2019) intende utilizzare e elaborare i dati raccolti in conformit\u00e0 alle leggi e ai regolamenti del paese in cui operano&#8230;.<\/p>\n","protected":false},"author":1,"featured_media":1651,"parent":0,"menu_order":21,"comment_status":"closed","ping_status":"closed","template":"","meta":{"footnotes":""},"categories":[],"tags":[],"class_list":["post-1859","page","type-page","status-publish","has-post-thumbnail","hentry"],"acf":[],"yoast_head":"<!-- This site is optimized with the Yoast SEO plugin v22.1 - https:\/\/yoast.com\/wordpress\/plugins\/seo\/ -->\n<title>Informativa sulla privacy - Fiammetta Michelacci Florence Private Guide<\/title>\n<meta name=\"robots\" content=\"index, follow, max-snippet:-1, max-image-preview:large, max-video-preview:-1\" \/>\n<link rel=\"canonical\" href=\"https:\/\/fiammettamichelacci.com\/it\/informativa-sulla-privacy\/\" \/>\n<meta property=\"og:locale\" content=\"it_IT\" \/>\n<meta property=\"og:type\" content=\"article\" \/>\n<meta property=\"og:title\" content=\"Informativa sulla privacy - Fiammetta Michelacci Florence Private Guide\" \/>\n<meta property=\"og:description\" content=\"Informativa sulla privacy FIAMMETTA MICHELACCI (di seguito indicata come \u2018Il Titolare\u2019) intende utilizzare e elaborare i dati raccolti in conformit\u00e0 alle leggi e ai regolamenti del paese in cui operano....\" \/>\n<meta property=\"og:url\" content=\"https:\/\/fiammettamichelacci.com\/it\/informativa-sulla-privacy\/\" \/>\n<meta property=\"og:site_name\" content=\"Fiammetta Michelacci Florence Private Guide\" \/>\n<meta property=\"article:modified_time\" content=\"2024-02-23T07:53:01+00:00\" \/>\n<meta property=\"og:image\" content=\"https:\/\/fiammettamichelacci.com\/wp-content\/uploads\/exploring-florence\/exploring-florence-3.jpg\" \/>\n\t<meta property=\"og:image:width\" content=\"1920\" \/>\n\t<meta property=\"og:image:height\" content=\"1277\" \/>\n\t<meta property=\"og:image:type\" content=\"image\/jpeg\" \/>\n<meta name=\"twitter:card\" content=\"summary_large_image\" \/>\n<meta name=\"twitter:label1\" content=\"Tempo di lettura stimato\" \/>\n\t<meta name=\"twitter:data1\" content=\"4 minuti\" \/>\n<script type=\"application\/ld+json\" class=\"yoast-schema-graph\">{\"@context\":\"https:\/\/schema.org\",\"@graph\":[{\"@type\":\"WebPage\",\"@id\":\"https:\/\/fiammettamichelacci.com\/it\/informativa-sulla-privacy\/\",\"url\":\"https:\/\/fiammettamichelacci.com\/it\/informativa-sulla-privacy\/\",\"name\":\"Informativa sulla privacy - Fiammetta Michelacci Florence Private Guide\",\"isPartOf\":{\"@id\":\"https:\/\/fiammettamichelacci.com\/it\/#website\"},\"datePublished\":\"2024-02-19T10:41:20+00:00\",\"dateModified\":\"2024-02-23T07:53:01+00:00\",\"breadcrumb\":{\"@id\":\"https:\/\/fiammettamichelacci.com\/it\/informativa-sulla-privacy\/#breadcrumb\"},\"inLanguage\":\"it-IT\",\"potentialAction\":[{\"@type\":\"ReadAction\",\"target\":[\"https:\/\/fiammettamichelacci.com\/it\/informativa-sulla-privacy\/\"]}]},{\"@type\":\"BreadcrumbList\",\"@id\":\"https:\/\/fiammettamichelacci.com\/it\/informativa-sulla-privacy\/#breadcrumb\",\"itemListElement\":[{\"@type\":\"ListItem\",\"position\":1,\"name\":\"Home\",\"item\":\"https:\/\/fiammettamichelacci.com\/it\/\"},{\"@type\":\"ListItem\",\"position\":2,\"name\":\"Informativa sulla privacy\"}]},{\"@type\":\"WebSite\",\"@id\":\"https:\/\/fiammettamichelacci.com\/it\/#website\",\"url\":\"https:\/\/fiammettamichelacci.com\/it\/\",\"name\":\"Fiammetta Michelacci Florence Private Guide\",\"description\":\"\",\"publisher\":{\"@id\":\"https:\/\/fiammettamichelacci.com\/it\/#organization\"},\"potentialAction\":[{\"@type\":\"SearchAction\",\"target\":{\"@type\":\"EntryPoint\",\"urlTemplate\":\"https:\/\/fiammettamichelacci.com\/it\/?s={search_term_string}\"},\"query-input\":\"required name=search_term_string\"}],\"inLanguage\":\"it-IT\"},{\"@type\":\"Organization\",\"@id\":\"https:\/\/fiammettamichelacci.com\/it\/#organization\",\"name\":\"Fiammetta Michelacci Florence Private Guide\",\"url\":\"https:\/\/fiammettamichelacci.com\/it\/\",\"logo\":{\"@type\":\"ImageObject\",\"inLanguage\":\"it-IT\",\"@id\":\"https:\/\/fiammettamichelacci.com\/it\/#\/schema\/logo\/image\/\",\"url\":\"https:\/\/fiammettamichelacci.com\/wp-content\/uploads\/logo\/verticale-mattone.svg\",\"contentUrl\":\"https:\/\/fiammettamichelacci.com\/wp-content\/uploads\/logo\/verticale-mattone.svg\",\"width\":313.53,\"height\":475.56,\"caption\":\"Fiammetta Michelacci Florence Private Guide\"},\"image\":{\"@id\":\"https:\/\/fiammettamichelacci.com\/it\/#\/schema\/logo\/image\/\"}}]}<\/script>\n<!-- \/ Yoast SEO plugin. -->","yoast_head_json":{"title":"Informativa sulla privacy - Fiammetta Michelacci Florence Private Guide","robots":{"index":"index","follow":"follow","max-snippet":"max-snippet:-1","max-image-preview":"max-image-preview:large","max-video-preview":"max-video-preview:-1"},"canonical":"https:\/\/fiammettamichelacci.com\/it\/informativa-sulla-privacy\/","og_locale":"it_IT","og_type":"article","og_title":"Informativa sulla privacy - Fiammetta Michelacci Florence Private Guide","og_description":"Informativa sulla privacy FIAMMETTA MICHELACCI (di seguito indicata come \u2018Il Titolare\u2019) intende utilizzare e elaborare i dati raccolti in conformit\u00e0 alle leggi e ai regolamenti del paese in cui operano....","og_url":"https:\/\/fiammettamichelacci.com\/it\/informativa-sulla-privacy\/","og_site_name":"Fiammetta Michelacci Florence Private Guide","article_modified_time":"2024-02-23T07:53:01+00:00","og_image":[{"width":1920,"height":1277,"url":"https:\/\/fiammettamichelacci.com\/wp-content\/uploads\/exploring-florence\/exploring-florence-3.jpg","type":"image\/jpeg"}],"twitter_card":"summary_large_image","twitter_misc":{"Tempo di lettura stimato":"4 minuti"},"schema":{"@context":"https:\/\/schema.org","@graph":[{"@type":"WebPage","@id":"https:\/\/fiammettamichelacci.com\/it\/informativa-sulla-privacy\/","url":"https:\/\/fiammettamichelacci.com\/it\/informativa-sulla-privacy\/","name":"Informativa sulla privacy - Fiammetta Michelacci Florence Private Guide","isPartOf":{"@id":"https:\/\/fiammettamichelacci.com\/it\/#website"},"datePublished":"2024-02-19T10:41:20+00:00","dateModified":"2024-02-23T07:53:01+00:00","breadcrumb":{"@id":"https:\/\/fiammettamichelacci.com\/it\/informativa-sulla-privacy\/#breadcrumb"},"inLanguage":"it-IT","potentialAction":[{"@type":"ReadAction","target":["https:\/\/fiammettamichelacci.com\/it\/informativa-sulla-privacy\/"]}]},{"@type":"BreadcrumbList","@id":"https:\/\/fiammettamichelacci.com\/it\/informativa-sulla-privacy\/#breadcrumb","itemListElement":[{"@type":"ListItem","position":1,"name":"Home","item":"https:\/\/fiammettamichelacci.com\/it\/"},{"@type":"ListItem","position":2,"name":"Informativa sulla privacy"}]},{"@type":"WebSite","@id":"https:\/\/fiammettamichelacci.com\/it\/#website","url":"https:\/\/fiammettamichelacci.com\/it\/","name":"Fiammetta Michelacci Florence Private Guide","description":"","publisher":{"@id":"https:\/\/fiammettamichelacci.com\/it\/#organization"},"potentialAction":[{"@type":"SearchAction","target":{"@type":"EntryPoint","urlTemplate":"https:\/\/fiammettamichelacci.com\/it\/?s={search_term_string}"},"query-input":"required name=search_term_string"}],"inLanguage":"it-IT"},{"@type":"Organization","@id":"https:\/\/fiammettamichelacci.com\/it\/#organization","name":"Fiammetta Michelacci Florence Private Guide","url":"https:\/\/fiammettamichelacci.com\/it\/","logo":{"@type":"ImageObject","inLanguage":"it-IT","@id":"https:\/\/fiammettamichelacci.com\/it\/#\/schema\/logo\/image\/","url":"https:\/\/fiammettamichelacci.com\/wp-content\/uploads\/logo\/verticale-mattone.svg","contentUrl":"https:\/\/fiammettamichelacci.com\/wp-content\/uploads\/logo\/verticale-mattone.svg","width":313.53,"height":475.56,"caption":"Fiammetta Michelacci Florence Private Guide"},"image":{"@id":"https:\/\/fiammettamichelacci.com\/it\/#\/schema\/logo\/image\/"}}]}},"_links":{"self":[{"href":"https:\/\/fiammettamichelacci.com\/it\/wp-json\/wp\/v2\/pages\/1859","targetHints":{"allow":["GET"]}}],"collection":[{"href":"https:\/\/fiammettamichelacci.com\/it\/wp-json\/wp\/v2\/pages"}],"about":[{"href":"https:\/\/fiammettamichelacci.com\/it\/wp-json\/wp\/v2\/types\/page"}],"author":[{"embeddable":true,"href":"https:\/\/fiammettamichelacci.com\/it\/wp-json\/wp\/v2\/users\/1"}],"replies":[{"embeddable":true,"href":"https:\/\/fiammettamichelacci.com\/it\/wp-json\/wp\/v2\/comments?post=1859"}],"version-history":[{"count":0,"href":"https:\/\/fiammettamichelacci.com\/it\/wp-json\/wp\/v2\/pages\/1859\/revisions"}],"wp:featuredmedia":[{"embeddable":true,"href":"https:\/\/fiammettamichelacci.com\/it\/wp-json\/wp\/v2\/media\/1651"}],"wp:attachment":[{"href":"https:\/\/fiammettamichelacci.com\/it\/wp-json\/wp\/v2\/media?parent=1859"}],"wp:term":[{"taxonomy":"category","embeddable":true,"href":"https:\/\/fiammettamichelacci.com\/it\/wp-json\/wp\/v2\/categories?post=1859"},{"taxonomy":"post_tag","embeddable":true,"href":"https:\/\/fiammettamichelacci.com\/it\/wp-json\/wp\/v2\/tags?post=1859"}],"curies":[{"name":"wp","href":"https:\/\/api.w.org\/{rel}","templated":true}]}}