{"id":1861,"date":"2024-02-19T10:41:20","date_gmt":"2024-02-19T10:41:20","guid":{"rendered":"https:\/\/fiammettamichelacci.com\/politique-de-confidentialite\/"},"modified":"2024-02-23T07:54:05","modified_gmt":"2024-02-23T07:54:05","slug":"politique-de-confidentialite","status":"publish","type":"page","link":"https:\/\/fiammettamichelacci.com\/fr\/politique-de-confidentialite\/","title":{"rendered":"Politique de confidentialit\u00e9"},"content":{"rendered":"\t\t<div data-elementor-type=\"wp-page\" data-elementor-id=\"1861\" class=\"elementor elementor-1861 elementor-1345\">\n\t\t\t\t\t\t\t<div class=\"elementor-element elementor-element-781b564 e-con-full e-flex magic-button-disabled-no e-con\" data-id=\"781b564\" data-element_type=\"container\" data-settings=\"{&quot;content_width&quot;:&quot;full&quot;,&quot;jet_parallax_layout_list&quot;:[]}\">\n\t\t\t\t<div data-dce-advanced-background-image-url=\"https:\/\/fiammettamichelacci.com\/wp-content\/uploads\/exploring-florence\/exploring-florence-3.jpg\" class=\"elementor-element elementor-element-e963bd9 elementor-invisible elementor-has-bg-overlay elementor-widget elementor-widget-global elementor-global-416 elementor-widget-heading\" data-id=\"e963bd9\" data-element_type=\"widget\" data-settings=\"{&quot;_animation&quot;:&quot;fadeInDown&quot;}\" data-widget_type=\"heading.default\">\n\t\t\t\t<div class=\"elementor-widget-container\">\n\t\t\t<h1 class=\"elementor-heading-title elementor-size-default\">Politique de confidentialit\u00e9<\/h1>\t\t<\/div>\n\t\t\t\t<\/div>\n\t\t\t\t<\/div>\n\t\t<div class=\"elementor-element elementor-element-a148541 e-con-boxed e-flex magic-button-disabled-no e-con\" data-id=\"a148541\" data-element_type=\"container\" data-settings=\"{&quot;jet_parallax_layout_list&quot;:[],&quot;content_width&quot;:&quot;boxed&quot;}\">\n\t\t\t\t\t<div class=\"e-con-inner\">\n\t\t\t\t<div class=\"elementor-element elementor-element-2f4b02b elementor-widget elementor-widget-text-editor\" data-id=\"2f4b02b\" data-element_type=\"widget\" data-widget_type=\"text-editor.default\">\n\t\t\t\t<div class=\"elementor-widget-container\">\n\t\t\t\t\t\t\t<span style=\"font-weight: 400;\"><strong>FIAMMETTA MICHELACCI<\/strong> (ci-apr\u00e8s d\u00e9nomm\u00e9e \u00ab Le Contr\u00f4leur \u00bb) cherche \u00e0 utiliser et \u00e0 traiter les donn\u00e9es collect\u00e9es conform\u00e9ment aux lois et r\u00e9glementations du pays dans lequel elles op\u00e8rent.<\/span>\r\n\r\n<span style=\"font-weight: 400;\">D\u00e9finitions<\/span>\r\n\r\n<span style=\"font-weight: 400;\">Conform\u00e9ment \u00e0 l&#8217;article 4 du R\u00e8glement de l&#8217;UE 2016\/679, les termes suivants sont d\u00e9finis :<\/span>\r\n\r\n<span style=\"font-weight: 400;\">\u00ab Contr\u00f4leur \u00bb : la personne physique, morale, l&#8217;administration publique ou toute autre entit\u00e9, association ou organisation qui, avec d&#8217;autres contr\u00f4leurs, se pr\u00e9occupent des objectifs de l&#8217;entreprise, du traitement des donn\u00e9es personnelles et d&#8217;autres outils d&#8217;utilisation, y compris le profilage de s\u00e9curit\u00e9 ;<\/span>\r\n\r\n<span style=\"font-weight: 400;\">\u00ab Responsable du traitement \u00bb : la personne physique, morale, l&#8217;administration publique ou toute autre entit\u00e9, association ou organisation charg\u00e9e du traitement des donn\u00e9es personnelles pour le compte du contr\u00f4leur ;<\/span>\r\n\r\n<span style=\"font-weight: 400;\">\u00ab Repr\u00e9sentants \u00bb : les personnes physiques autoris\u00e9es \u00e0 effectuer des op\u00e9rations de traitement des donn\u00e9es par le contr\u00f4leur ou le responsable du traitement ;<\/span>\r\n\r\n<span style=\"font-weight: 400;\">\u00ab Sujets de donn\u00e9es \u00bb : les personnes physiques repr\u00e9sent\u00e9es par les donn\u00e9es personnelles.<\/span>\r\n\r\n<span style=\"font-weight: 400;\">\u00ab Donn\u00e9es personnelles \u00bb : toute information concernant une personne identifiable physiquement ou en ligne, se r\u00e9f\u00e9rant en particulier \u00e0 un facteur d&#8217;identification tel que : leur nom, num\u00e9ro d&#8217;identification, emplacement, identification en ligne, ou une ou plusieurs caract\u00e9ristiques se r\u00e9f\u00e9rant \u00e0 leur identit\u00e9 physique, physiologique, g\u00e9n\u00e9tique, psychologique, \u00e9conomique, culturelle ou sociale.<\/span>\r\n\r\n<span style=\"font-weight: 400;\">Contr\u00f4leur<\/span>\r\n\r\n<span style=\"font-weight: 400;\">Le contr\u00f4leur des donn\u00e9es personnelles est : FIAMMETTA MICHELACCI<\/span>\r\n\r\n<span style=\"font-weight: 400;\">Via Pompeo Neri, 11, 50134, Florence<\/span>\r\n\r\n<span style=\"font-weight: 400;\">Email : fiammettamichelacci@gmail.com<\/span>\r\n\r\n<span style=\"font-weight: 400;\">P.I. 05776410481 C.F. MCHFMT78S69C665X<\/span>\r\n\r\n<span style=\"font-weight: 400;\">But du traitement des donn\u00e9es et cat\u00e9gories de donn\u00e9es trait\u00e9es<\/span>\r\n\r\n<span style=\"font-weight: 400;\">Le traitement des donn\u00e9es est effectu\u00e9 dans les buts suivants :<\/span>\r\n\r\n<span style=\"font-weight: 400;\">Buts contractuels : pour remplir le contrat ; mise en \u0153uvre des obligations l\u00e9gales relatives aux relations commerciales ; mise en \u0153uvre des obligations fiscales ou comptables ; gestion de la client\u00e8le ; paiement du service fourni ; r\u00e9daction, impression, emballage et envoi de factures ; ainsi que des demandes sp\u00e9cifiques des sujets de donn\u00e9es ;<\/span>\r\n\r\n<span style=\"font-weight: 400;\">Buts de communication : pour envoyer des avis et communiquer avec les sujets de donn\u00e9es, via des syst\u00e8mes traditionnels d&#8217;information et de communication automatiques, notamment : email, SMS et autres syst\u00e8mes de messagerie ;<\/span>\r\n\r\n<span style=\"font-weight: 400;\">Proc\u00e9dure et outils de traitement des donn\u00e9es<\/span>\r\n\r\n<span style=\"font-weight: 400;\">Le traitement des donn\u00e9es personnelles des sujets est effectu\u00e9 automatiquement par des moyens informatiques et \u00e9lectroniques, avec une organisation logique et un traitement des donn\u00e9es corr\u00e9l\u00e9 conform\u00e9ment aux objectifs susmentionn\u00e9s et de mani\u00e8re \u00e0 garantir la s\u00e9curit\u00e9 et la confidentialit\u00e9 de toutes les donn\u00e9es et communications. Les donn\u00e9es peuvent \u00e9galement \u00eatre trait\u00e9es \u00e0 l&#8217;aide de m\u00e9thodes sur papier.<\/span>\r\n\r\n<span style=\"font-weight: 400;\">Nature obligatoire et facultative de la contribution des donn\u00e9es<\/span>\r\n\r\n<span style=\"font-weight: 400;\">En ce qui concerne les objectifs d\u00e9crits \u00e0 la clause A de la section 3, la contribution des donn\u00e9es est contractuellement n\u00e9cessaire pour remplir ledit contrat. Le sujet de donn\u00e9es a la possibilit\u00e9 de ne pas fournir de donn\u00e9es personnelles ; cependant, dans le cas o\u00f9 ces donn\u00e9es ne sont pas communiqu\u00e9es, il ne sera pas possible de remplir un contrat.<\/span>\r\n\r\n<span style=\"font-weight: 400;\">En ce qui concerne le traitement des donn\u00e9es personnelles d\u00e9crit \u00e0 la clause B de la section 3, le consentement du sujet est obligatoire ; cependant, en l&#8217;absence de consentement, il ne sera pas possible de fournir un service personnalis\u00e9.<\/span>\r\n\r\n<span style=\"font-weight: 400;\">Droits des sujets de donn\u00e9es<\/span>\r\n\r\n<span style=\"font-weight: 400;\">Conform\u00e9ment \u00e0 l&#8217;article 7, D. du R\u00e8glement de l&#8217;UE 2016\/679, le sujet de donn\u00e9es a le droit d&#8217;obtenir confirmation de l&#8217;existence de donn\u00e9es personnelles le concernant, m\u00eame si elles n&#8217;ont pas encore \u00e9t\u00e9 enregistr\u00e9es, et doivent lui \u00eatre communiqu\u00e9es de mani\u00e8re intelligible.<\/span>\r\n\r\n<span style=\"font-weight: 400;\">Le sujet de donn\u00e9es a donc le droit d&#8217;obtenir confirmation des informations relatives \u00e0 :<\/span>\r\n\r\n<span style=\"font-weight: 400;\">Origine des donn\u00e9es collect\u00e9es ;<\/span>\r\n\r\n<span style=\"font-weight: 400;\">But du traitement des donn\u00e9es ;<\/span>\r\n\r\n<span style=\"font-weight: 400;\">Logique du traitement des donn\u00e9es ;<\/span>\r\n\r\n<span style=\"font-weight: 400;\">Moyens d&#8217;identification du contr\u00f4leur et du responsable du traitement ;<\/span>\r\n\r\n<span style=\"font-weight: 400;\">Les sujets \u00e0 qui ses donn\u00e9es personnelles sont communiqu\u00e9es.<\/span>\r\n\r\n<span style=\"font-weight: 400;\">Le sujet de donn\u00e9es a \u00e9galement le droit d&#8217;obtenir :<\/span>\r\n\r\n<span style=\"font-weight: 400;\">Mises \u00e0 jour, corrections ou ajouts \u00e0 ses donn\u00e9es collect\u00e9es ;<\/span>\r\n\r\n<span style=\"font-weight: 400;\">Suppression, modification anonyme ou acc\u00e8s restreint aux donn\u00e9es collect\u00e9es en violation de la loi, y compris celles pour lesquelles la conservation des donn\u00e9es n&#8217;est pas n\u00e9cessaire par rapport \u00e0 l&#8217;objectif pour lequel les donn\u00e9es ont \u00e9t\u00e9 collect\u00e9es ou trait\u00e9es ;<\/span>\r\n\r\n<span style=\"font-weight: 400;\">Certification de la mani\u00e8re dont les d\u00e9clarations pr\u00e9c\u00e9dentes ont \u00e9t\u00e9 effectu\u00e9es et communiqu\u00e9es \u00e0 ceux avec qui ces donn\u00e9es ont \u00e9t\u00e9 partag\u00e9es ou distribu\u00e9es, sauf dans les cas o\u00f9 la mise en \u0153uvre est impossible ou entra\u00eene l&#8217;utilisation d&#8217;autres moyens qui sont manifestement disproportionn\u00e9s par rapport aux droits prot\u00e9g\u00e9s du sujet.<\/span>\r\n\r\n<span style=\"font-weight: 400;\">Le sujet de donn\u00e9es a \u00e9galement le droit de s&#8217;opposer, en tout ou en partie :<\/span>\r\n\r\n<span style=\"font-weight: 400;\">Pour des raisons l\u00e9gitimes relatives au traitement de ses donn\u00e9es personnelles, m\u00eame si elles sont pertinentes pour l&#8217;objectif de la collecte des donn\u00e9es ;<\/span>\r\n\r\n<span style=\"font-weight: 400;\">Au traitement de ses donn\u00e9es personnelles \u00e0 des fins de mat\u00e9riel publicitaire.<\/span>\r\n\r\n<span style=\"font-weight: 400;\">Ces instances vis\u00e9es \u00e0 l&#8217;article 7 du R\u00e8glement de l&#8217;UE 2016\/679 doivent \u00eatre adress\u00e9es directement au contr\u00f4leur, \u00e0 l&#8217;adresse suivante : fiammettamichelacci@gmail.com. Alternativement, il est possible pour les sujets d&#8217;exercer leurs droits en envoyant les informations pertinentes par recommand\u00e9 avec accus\u00e9 de r\u00e9ception, dont l&#8217;adresse est indiqu\u00e9e dans les conditions.<\/span>\r\n\r\n<span style=\"font-weight: 400;\">Cadre de communication<\/span>\r\n\r\n<span style=\"font-weight: 400;\">Les donn\u00e9es personnelles peuvent \u00eatre communiqu\u00e9es au-del\u00e0 des fronti\u00e8res au sein de l&#8217;Union europ\u00e9enne.<\/span>\r\n\r\n<span style=\"font-weight: 400;\">Contact<\/span>\r\n\r\n<span style=\"font-weight: 400;\">Les informations pr\u00e9sentes peuvent \u00eatre modifi\u00e9es dans le temps.<\/span>\r\n\r\n<span style=\"font-weight: 400;\">Les donn\u00e9es seront trait\u00e9es pour le temps n\u00e9cessaire pour remplir compl\u00e8tement la relation commerciale et pour les dix ann\u00e9es suivant la date d&#8217;acquisition.<\/span>\r\n\r\n<span style=\"font-weight: 400;\">Pour plus d&#8217;informations, nous vous recommandons de contacter l&#8217;adresse suivante : fiammettamichelacci@gmail.com.<\/span>\r\n\r\n<span style=\"font-weight: 400;\">INFORMATIONS PERSONNELLES DU SUJET DE DONN\u00c9ES<\/span>\r\n\r\n<span style=\"font-weight: 400;\">Nom : ________________________________________________________<\/span>\r\n\r\n<span style=\"font-weight: 400;\">Pr\u00e9nom : ________________________________________________________<\/span>\r\n\r\n<span style=\"font-weight: 400;\">Adresse e-mail : ____________________________________________________<\/span>\r\n\r\n<span style=\"font-weight: 400;\">Num\u00e9ro de t\u00e9l\u00e9phone : ________________________________________________<\/span>\r\n\r\n<span style=\"font-weight: 400;\">Adresse domicile : ________________________________________________<\/span>\r\n\r\n<span style=\"font-weight: 400;\">Num\u00e9ro de s\u00e9curit\u00e9 sociale : ______________________________________<\/span>\r\n\r\n<span style=\"font-weight: 400;\">_____________________________, \u00e0 ___________________________________<\/span>\r\n\r\n<span style=\"font-weight: 400;\">Le sujet de donn\u00e9es confirme son consentement au traitement de ses donn\u00e9es personnelles concernant les objectifs d\u00e9crits \u00e0 la Section 3, Clause A des informations de traitement des donn\u00e9es personnelles &#8211; \u00e0 des fins contractuelles :<\/span>\r\n\r\n<span style=\"font-weight: 400;\">Oui Non<\/span>\r\n\r\n<span style=\"font-weight: 400;\">Le sujet de donn\u00e9es confirme son consentement au traitement de ses donn\u00e9es personnelles concernant les objectifs d\u00e9crits \u00e0 la Section 3, Clause B des informations de traitement des donn\u00e9es personnelles &#8211; \u00e0 des fins de communication :<\/span>\r\n\r\n<span style=\"font-weight: 400;\">Oui Non<\/span>\r\n\r\n<span style=\"font-weight: 400;\">Sign\u00e9<\/span>\t\t\t\t\t\t<\/div>\n\t\t\t\t<\/div>\n\t\t\t\t\t<\/div>\n\t\t\t\t<\/div>\n\t\t\t\t\t\t\t<\/div>\n\t\t","protected":false},"excerpt":{"rendered":"<p>FIAMMETTA MICHELACCI (ci-apr\u00e8s d\u00e9nomm\u00e9e \u00ab Le Contr\u00f4leur \u00bb) cherche \u00e0 utiliser et \u00e0 traiter les donn\u00e9es collect\u00e9es conform\u00e9ment aux lois et r\u00e9glementations du pays dans lequel elles op\u00e8rent. D\u00e9finitions Conform\u00e9ment&#8230;<\/p>\n","protected":false},"author":1,"featured_media":1650,"parent":0,"menu_order":20,"comment_status":"closed","ping_status":"closed","template":"","meta":{"footnotes":""},"categories":[],"tags":[],"class_list":["post-1861","page","type-page","status-publish","has-post-thumbnail","hentry"],"acf":[],"yoast_head":"<!-- This site is optimized with the Yoast SEO plugin v22.1 - https:\/\/yoast.com\/wordpress\/plugins\/seo\/ -->\n<title>Politique de confidentialit\u00e9 - Fiammetta Michelacci<\/title>\n<meta name=\"robots\" content=\"index, follow, max-snippet:-1, max-image-preview:large, max-video-preview:-1\" \/>\n<link rel=\"canonical\" href=\"https:\/\/fiammettamichelacci.com\/fr\/politique-de-confidentialite\/\" \/>\n<meta property=\"og:locale\" content=\"fr_FR\" \/>\n<meta property=\"og:type\" content=\"article\" \/>\n<meta property=\"og:title\" content=\"Politique de confidentialit\u00e9 - Fiammetta Michelacci\" \/>\n<meta property=\"og:description\" content=\"FIAMMETTA MICHELACCI (ci-apr\u00e8s d\u00e9nomm\u00e9e \u00ab Le Contr\u00f4leur \u00bb) cherche \u00e0 utiliser et \u00e0 traiter les donn\u00e9es collect\u00e9es conform\u00e9ment aux lois et r\u00e9glementations du pays dans lequel elles op\u00e8rent. D\u00e9finitions Conform\u00e9ment...\" \/>\n<meta property=\"og:url\" content=\"https:\/\/fiammettamichelacci.com\/fr\/politique-de-confidentialite\/\" \/>\n<meta property=\"og:site_name\" content=\"Fiammetta Michelacci\" \/>\n<meta property=\"article:modified_time\" content=\"2024-02-23T07:54:05+00:00\" \/>\n<meta property=\"og:image\" content=\"https:\/\/fiammettamichelacci.com\/wp-content\/uploads\/exploring-florence\/exploring-florence-3.jpg\" \/>\n\t<meta property=\"og:image:width\" content=\"1920\" \/>\n\t<meta property=\"og:image:height\" content=\"1277\" \/>\n\t<meta property=\"og:image:type\" content=\"image\/jpeg\" \/>\n<meta name=\"twitter:card\" content=\"summary_large_image\" \/>\n<meta name=\"twitter:label1\" content=\"Dur\u00e9e de lecture estim\u00e9e\" \/>\n\t<meta name=\"twitter:data1\" content=\"5 minutes\" \/>\n<script type=\"application\/ld+json\" class=\"yoast-schema-graph\">{\"@context\":\"https:\/\/schema.org\",\"@graph\":[{\"@type\":\"WebPage\",\"@id\":\"https:\/\/fiammettamichelacci.com\/fr\/politique-de-confidentialite\/\",\"url\":\"https:\/\/fiammettamichelacci.com\/fr\/politique-de-confidentialite\/\",\"name\":\"Politique de confidentialit\u00e9 - Fiammetta Michelacci\",\"isPartOf\":{\"@id\":\"https:\/\/fiammettamichelacci.com\/fr\/#website\"},\"datePublished\":\"2024-02-19T10:41:20+00:00\",\"dateModified\":\"2024-02-23T07:54:05+00:00\",\"breadcrumb\":{\"@id\":\"https:\/\/fiammettamichelacci.com\/fr\/politique-de-confidentialite\/#breadcrumb\"},\"inLanguage\":\"fr-FR\",\"potentialAction\":[{\"@type\":\"ReadAction\",\"target\":[\"https:\/\/fiammettamichelacci.com\/fr\/politique-de-confidentialite\/\"]}]},{\"@type\":\"BreadcrumbList\",\"@id\":\"https:\/\/fiammettamichelacci.com\/fr\/politique-de-confidentialite\/#breadcrumb\",\"itemListElement\":[{\"@type\":\"ListItem\",\"position\":1,\"name\":\"Home\",\"item\":\"https:\/\/fiammettamichelacci.com\/fr\/\"},{\"@type\":\"ListItem\",\"position\":2,\"name\":\"Politique de confidentialit\u00e9\"}]},{\"@type\":\"WebSite\",\"@id\":\"https:\/\/fiammettamichelacci.com\/fr\/#website\",\"url\":\"https:\/\/fiammettamichelacci.com\/fr\/\",\"name\":\"Fiammetta Michelacci\",\"description\":\"\",\"publisher\":{\"@id\":\"https:\/\/fiammettamichelacci.com\/fr\/#organization\"},\"potentialAction\":[{\"@type\":\"SearchAction\",\"target\":{\"@type\":\"EntryPoint\",\"urlTemplate\":\"https:\/\/fiammettamichelacci.com\/fr\/?s={search_term_string}\"},\"query-input\":\"required name=search_term_string\"}],\"inLanguage\":\"fr-FR\"},{\"@type\":\"Organization\",\"@id\":\"https:\/\/fiammettamichelacci.com\/fr\/#organization\",\"name\":\"Fiammetta Michelacci\",\"url\":\"https:\/\/fiammettamichelacci.com\/fr\/\",\"logo\":{\"@type\":\"ImageObject\",\"inLanguage\":\"fr-FR\",\"@id\":\"https:\/\/fiammettamichelacci.com\/fr\/#\/schema\/logo\/image\/\",\"url\":\"https:\/\/fiammettamichelacci.com\/wp-content\/uploads\/logo\/verticale-mattone.svg\",\"contentUrl\":\"https:\/\/fiammettamichelacci.com\/wp-content\/uploads\/logo\/verticale-mattone.svg\",\"width\":313.53,\"height\":475.56,\"caption\":\"Fiammetta Michelacci\"},\"image\":{\"@id\":\"https:\/\/fiammettamichelacci.com\/fr\/#\/schema\/logo\/image\/\"}}]}<\/script>\n<!-- \/ Yoast SEO plugin. -->","yoast_head_json":{"title":"Politique de confidentialit\u00e9 - Fiammetta Michelacci","robots":{"index":"index","follow":"follow","max-snippet":"max-snippet:-1","max-image-preview":"max-image-preview:large","max-video-preview":"max-video-preview:-1"},"canonical":"https:\/\/fiammettamichelacci.com\/fr\/politique-de-confidentialite\/","og_locale":"fr_FR","og_type":"article","og_title":"Politique de confidentialit\u00e9 - Fiammetta Michelacci","og_description":"FIAMMETTA MICHELACCI (ci-apr\u00e8s d\u00e9nomm\u00e9e \u00ab Le Contr\u00f4leur \u00bb) cherche \u00e0 utiliser et \u00e0 traiter les donn\u00e9es collect\u00e9es conform\u00e9ment aux lois et r\u00e9glementations du pays dans lequel elles op\u00e8rent. D\u00e9finitions Conform\u00e9ment...","og_url":"https:\/\/fiammettamichelacci.com\/fr\/politique-de-confidentialite\/","og_site_name":"Fiammetta Michelacci","article_modified_time":"2024-02-23T07:54:05+00:00","og_image":[{"width":1920,"height":1277,"url":"https:\/\/fiammettamichelacci.com\/wp-content\/uploads\/exploring-florence\/exploring-florence-3.jpg","type":"image\/jpeg"}],"twitter_card":"summary_large_image","twitter_misc":{"Dur\u00e9e de lecture estim\u00e9e":"5 minutes"},"schema":{"@context":"https:\/\/schema.org","@graph":[{"@type":"WebPage","@id":"https:\/\/fiammettamichelacci.com\/fr\/politique-de-confidentialite\/","url":"https:\/\/fiammettamichelacci.com\/fr\/politique-de-confidentialite\/","name":"Politique de confidentialit\u00e9 - Fiammetta Michelacci","isPartOf":{"@id":"https:\/\/fiammettamichelacci.com\/fr\/#website"},"datePublished":"2024-02-19T10:41:20+00:00","dateModified":"2024-02-23T07:54:05+00:00","breadcrumb":{"@id":"https:\/\/fiammettamichelacci.com\/fr\/politique-de-confidentialite\/#breadcrumb"},"inLanguage":"fr-FR","potentialAction":[{"@type":"ReadAction","target":["https:\/\/fiammettamichelacci.com\/fr\/politique-de-confidentialite\/"]}]},{"@type":"BreadcrumbList","@id":"https:\/\/fiammettamichelacci.com\/fr\/politique-de-confidentialite\/#breadcrumb","itemListElement":[{"@type":"ListItem","position":1,"name":"Home","item":"https:\/\/fiammettamichelacci.com\/fr\/"},{"@type":"ListItem","position":2,"name":"Politique de confidentialit\u00e9"}]},{"@type":"WebSite","@id":"https:\/\/fiammettamichelacci.com\/fr\/#website","url":"https:\/\/fiammettamichelacci.com\/fr\/","name":"Fiammetta Michelacci","description":"","publisher":{"@id":"https:\/\/fiammettamichelacci.com\/fr\/#organization"},"potentialAction":[{"@type":"SearchAction","target":{"@type":"EntryPoint","urlTemplate":"https:\/\/fiammettamichelacci.com\/fr\/?s={search_term_string}"},"query-input":"required name=search_term_string"}],"inLanguage":"fr-FR"},{"@type":"Organization","@id":"https:\/\/fiammettamichelacci.com\/fr\/#organization","name":"Fiammetta Michelacci","url":"https:\/\/fiammettamichelacci.com\/fr\/","logo":{"@type":"ImageObject","inLanguage":"fr-FR","@id":"https:\/\/fiammettamichelacci.com\/fr\/#\/schema\/logo\/image\/","url":"https:\/\/fiammettamichelacci.com\/wp-content\/uploads\/logo\/verticale-mattone.svg","contentUrl":"https:\/\/fiammettamichelacci.com\/wp-content\/uploads\/logo\/verticale-mattone.svg","width":313.53,"height":475.56,"caption":"Fiammetta Michelacci"},"image":{"@id":"https:\/\/fiammettamichelacci.com\/fr\/#\/schema\/logo\/image\/"}}]}},"_links":{"self":[{"href":"https:\/\/fiammettamichelacci.com\/fr\/wp-json\/wp\/v2\/pages\/1861","targetHints":{"allow":["GET"]}}],"collection":[{"href":"https:\/\/fiammettamichelacci.com\/fr\/wp-json\/wp\/v2\/pages"}],"about":[{"href":"https:\/\/fiammettamichelacci.com\/fr\/wp-json\/wp\/v2\/types\/page"}],"author":[{"embeddable":true,"href":"https:\/\/fiammettamichelacci.com\/fr\/wp-json\/wp\/v2\/users\/1"}],"replies":[{"embeddable":true,"href":"https:\/\/fiammettamichelacci.com\/fr\/wp-json\/wp\/v2\/comments?post=1861"}],"version-history":[{"count":0,"href":"https:\/\/fiammettamichelacci.com\/fr\/wp-json\/wp\/v2\/pages\/1861\/revisions"}],"wp:featuredmedia":[{"embeddable":true,"href":"https:\/\/fiammettamichelacci.com\/fr\/wp-json\/wp\/v2\/media\/1650"}],"wp:attachment":[{"href":"https:\/\/fiammettamichelacci.com\/fr\/wp-json\/wp\/v2\/media?parent=1861"}],"wp:term":[{"taxonomy":"category","embeddable":true,"href":"https:\/\/fiammettamichelacci.com\/fr\/wp-json\/wp\/v2\/categories?post=1861"},{"taxonomy":"post_tag","embeddable":true,"href":"https:\/\/fiammettamichelacci.com\/fr\/wp-json\/wp\/v2\/tags?post=1861"}],"curies":[{"name":"wp","href":"https:\/\/api.w.org\/{rel}","templated":true}]}}